{"id":1402,"date":"2024-08-20T02:28:58","date_gmt":"2024-08-20T02:28:58","guid":{"rendered":"https:\/\/conectaexpress.com.mx\/services\/"},"modified":"2024-08-22T23:12:13","modified_gmt":"2024-08-22T23:12:13","slug":"services","status":"publish","type":"page","link":"https:\/\/conectaexpress.com.mx\/?page_id=1402","title":{"rendered":"Servicios"},"content":{"rendered":"\n<div class=\"wp-block-uagb-container uagb-block-4c3875af alignfull uagb-is-root-container\"><div class=\"uagb-container-inner-blocks-wrap\">\n<div class=\"wp-block-uagb-advanced-heading uagb-block-36237826\"><h1 class=\"uagb-heading-text\">Nuestros Servicios<\/h1><\/div>\n<\/div><\/div>\n\n\n\n<div class=\"wp-block-uagb-container uagb-block-e7fbe3aa alignfull uagb-is-root-container\"><div class=\"uagb-container-inner-blocks-wrap\">\n<div class=\"wp-block-uagb-container uagb-block-1d616714\">\n<div class=\"wp-block-uagb-advanced-heading uagb-block-4c3562ab\"><div class=\"uagb-heading-text\">01.<\/div><\/div>\n\n\n\n<div class=\"wp-block-uagb-advanced-heading uagb-block-acd47406\"><h2 class=\"uagb-heading-text\">Entregas R\u00e1pidas<\/h2><\/div>\n<\/div>\n\n\n\n<div class=\"wp-block-uagb-container uagb-block-fedce462\">\n<div class=\"wp-block-uagb-advanced-heading uagb-block-8cc775f5\"><p class=\"uagb-desc-text\">Conecta Express ofrece entregas r\u00e1pidas y eficientes en todo Jalisco. Nuestro equipo experimentado garantiza la puntualidad y seguridad en cada env\u00edo, brindando soluciones log\u00edsticas a medida para nuestros clientes.<\/p><\/div>\n\n\n\n<div class=\"wp-block-uagb-icon-list uagb-block-0d18128b\"><div class=\"uagb-icon-list__wrap\">\n<div class=\"wp-block-uagb-icon-list-child uagb-block-5d2d7d59\"><span class=\"uagb-icon-list__source-wrap\"><svg xmlns=\"https:\/\/www.w3.org\/2000\/svg\" viewBox=\"0 0 256 512\"><path d=\"M118.6 105.4l128 127.1C252.9 239.6 256 247.8 256 255.1s-3.125 16.38-9.375 22.63l-128 127.1c-9.156 9.156-22.91 11.9-34.88 6.943S64 396.9 64 383.1V128c0-12.94 7.781-24.62 19.75-29.58S109.5 96.23 118.6 105.4z\"><\/path><\/svg><\/span><span class=\"uagb-icon-list__label\">1 Env\u00edos urgentes<\/span><\/div>\n\n\n\n<div class=\"wp-block-uagb-icon-list-child uagb-block-54510f4a\"><span class=\"uagb-icon-list__source-wrap\"><svg xmlns=\"https:\/\/www.w3.org\/2000\/svg\" viewBox=\"0 0 256 512\"><path d=\"M118.6 105.4l128 127.1C252.9 239.6 256 247.8 256 255.1s-3.125 16.38-9.375 22.63l-128 127.1c-9.156 9.156-22.91 11.9-34.88 6.943S64 396.9 64 383.1V128c0-12.94 7.781-24.62 19.75-29.58S109.5 96.23 118.6 105.4z\"><\/path><\/svg><\/span><span class=\"uagb-icon-list__label\">2 Seguimiento en tiempo real<\/span><\/div>\n\n\n\n<div class=\"wp-block-uagb-icon-list-child uagb-block-169d7418\"><span class=\"uagb-icon-list__source-wrap\"><svg xmlns=\"https:\/\/www.w3.org\/2000\/svg\" viewBox=\"0 0 256 512\"><path d=\"M118.6 105.4l128 127.1C252.9 239.6 256 247.8 256 255.1s-3.125 16.38-9.375 22.63l-128 127.1c-9.156 9.156-22.91 11.9-34.88 6.943S64 396.9 64 383.1V128c0-12.94 7.781-24.62 19.75-29.58S109.5 96.23 118.6 105.4z\"><\/path><\/svg><\/span><span class=\"uagb-icon-list__label\">3 Env\u00edos programados<\/span><\/div>\n<\/div><\/div>\n<\/div>\n\n\n\n<div class=\"wp-block-uagb-container uagb-block-e38d2238\">\n<div class=\"wp-block-uagb-image alignleft uagb-block-2abcf112 wp-block-uagb-image--layout-default wp-block-uagb-image--effect-static wp-block-uagb-image--align-left\"><figure class=\"wp-block-uagb-image__figure\"><img decoding=\"async\" srcset=\"https:\/\/conectaexpress.com.mx\/wp-content\/uploads\/2024\/08\/pexels-photo-7464685.jpeg ,https:\/\/conectaexpress.com.mx\/wp-content\/uploads\/2024\/08\/pexels-photo-7464685.jpeg 780w, https:\/\/conectaexpress.com.mx\/wp-content\/uploads\/2024\/08\/pexels-photo-7464685.jpeg 360w\" sizes=\"auto, (max-width: 480px) 150px\" src=\"https:\/\/conectaexpress.com.mx\/wp-content\/uploads\/2024\/08\/pexels-photo-7464685.jpeg\" alt=\"\" class=\"uag-image-1259\" width=\"360\" height=\"350\" title=\"\" loading=\"lazy\" role=\"img\"\/><\/figure><\/div>\n<\/div>\n<\/div><\/div>\n\n\n\n<div class=\"wp-block-uagb-container uagb-block-771b341f alignfull uagb-is-root-container\"><div class=\"uagb-container-inner-blocks-wrap\">\n<div class=\"wp-block-uagb-container uagb-block-fcd00e14\">\n<div class=\"wp-block-uagb-advanced-heading uagb-block-07aff4a9\"><div class=\"uagb-heading-text\">02.<\/div><\/div>\n\n\n\n<div class=\"wp-block-uagb-advanced-heading uagb-block-c969af86\"><h2 class=\"uagb-heading-text\">Log\u00edstica Personalizada<\/h2><\/div>\n<\/div>\n\n\n\n<div class=\"wp-block-uagb-container uagb-block-df1c0d10\">\n<div class=\"wp-block-uagb-advanced-heading uagb-block-86ccdb5f\"><p class=\"uagb-desc-text\">Nuestra especialidad radica en ofrecer soluciones log\u00edsticas personalizadas para satisfacer las necesidades \u00fanicas de cada cliente. Desde el almacenamiento hasta la distribuci\u00f3n, nos encargamos de todo el proceso de manera eficiente.<\/p><\/div>\n\n\n\n<div class=\"wp-block-uagb-icon-list uagb-block-0902cf02\"><div class=\"uagb-icon-list__wrap\">\n<div class=\"wp-block-uagb-icon-list-child uagb-block-9ebe25a6\"><span class=\"uagb-icon-list__source-wrap\"><svg xmlns=\"https:\/\/www.w3.org\/2000\/svg\" viewBox=\"0 0 256 512\"><path d=\"M118.6 105.4l128 127.1C252.9 239.6 256 247.8 256 255.1s-3.125 16.38-9.375 22.63l-128 127.1c-9.156 9.156-22.91 11.9-34.88 6.943S64 396.9 64 383.1V128c0-12.94 7.781-24.62 19.75-29.58S109.5 96.23 118.6 105.4z\"><\/path><\/svg><\/span><span class=\"uagb-icon-list__label\">1 Almacenamiento seguro<\/span><\/div>\n\n\n\n<div class=\"wp-block-uagb-icon-list-child uagb-block-82b75221\"><span class=\"uagb-icon-list__source-wrap\"><svg xmlns=\"https:\/\/www.w3.org\/2000\/svg\" viewBox=\"0 0 256 512\"><path d=\"M118.6 105.4l128 127.1C252.9 239.6 256 247.8 256 255.1s-3.125 16.38-9.375 22.63l-128 127.1c-9.156 9.156-22.91 11.9-34.88 6.943S64 396.9 64 383.1V128c0-12.94 7.781-24.62 19.75-29.58S109.5 96.23 118.6 105.4z\"><\/path><\/svg><\/span><span class=\"uagb-icon-list__label\">2 Distribuci\u00f3n nacional<\/span><\/div>\n\n\n\n<div class=\"wp-block-uagb-icon-list-child uagb-block-9ec22de5\"><span class=\"uagb-icon-list__source-wrap\"><svg xmlns=\"https:\/\/www.w3.org\/2000\/svg\" viewBox=\"0 0 256 512\"><path d=\"M118.6 105.4l128 127.1C252.9 239.6 256 247.8 256 255.1s-3.125 16.38-9.375 22.63l-128 127.1c-9.156 9.156-22.91 11.9-34.88 6.943S64 396.9 64 383.1V128c0-12.94 7.781-24.62 19.75-29.58S109.5 96.23 118.6 105.4z\"><\/path><\/svg><\/span><span class=\"uagb-icon-list__label\">3 Gesti\u00f3n de inventario<\/span><\/div>\n<\/div><\/div>\n<\/div>\n\n\n\n<div class=\"wp-block-uagb-container uagb-block-93de4c77\">\n<div class=\"wp-block-uagb-image alignleft uagb-block-0a3b0cd1 wp-block-uagb-image--layout-default wp-block-uagb-image--effect-static wp-block-uagb-image--align-left\"><figure class=\"wp-block-uagb-image__figure\"><img decoding=\"async\" srcset=\"https:\/\/conectaexpress.com.mx\/wp-content\/uploads\/2024\/08\/pexels-photo-93398.jpeg ,https:\/\/conectaexpress.com.mx\/wp-content\/uploads\/2024\/08\/pexels-photo-93398.jpeg 780w, https:\/\/conectaexpress.com.mx\/wp-content\/uploads\/2024\/08\/pexels-photo-93398.jpeg 360w\" sizes=\"auto, (max-width: 480px) 150px\" src=\"https:\/\/conectaexpress.com.mx\/wp-content\/uploads\/2024\/08\/pexels-photo-93398.jpeg\" alt=\"\" class=\"uag-image-1250\" width=\"360\" height=\"350\" title=\"\" loading=\"lazy\" role=\"img\"\/><\/figure><\/div>\n<\/div>\n<\/div><\/div>\n\n\n\n<div class=\"wp-block-uagb-container uagb-block-b3da6d16 alignfull uagb-is-root-container\"><div class=\"uagb-container-inner-blocks-wrap\">\n<div class=\"wp-block-uagb-container uagb-block-6c22f156\">\n<div class=\"wp-block-uagb-advanced-heading uagb-block-2d62a18c\"><div class=\"uagb-heading-text\">03.<\/div><\/div>\n\n\n\n<div class=\"wp-block-uagb-advanced-heading uagb-block-300ab866\"><h2 class=\"uagb-heading-text\">Servicio al Cliente<\/h2><\/div>\n<\/div>\n\n\n\n<div class=\"wp-block-uagb-container uagb-block-62327c65\">\n<div class=\"wp-block-uagb-advanced-heading uagb-block-cd581b9a\"><p class=\"uagb-desc-text\">En Conecta Express nos enorgullece brindar un servicio al cliente excepcional. Nuestro equipo est\u00e1 siempre disponible para atender cualquier consulta o solicitud, asegurando una experiencia satisfactoria para nuestros clientes.<\/p><\/div>\n\n\n\n<div class=\"wp-block-uagb-icon-list uagb-block-fda1caa0\"><div class=\"uagb-icon-list__wrap\">\n<div class=\"wp-block-uagb-icon-list-child uagb-block-b3188e60\"><span class=\"uagb-icon-list__source-wrap\"><svg xmlns=\"https:\/\/www.w3.org\/2000\/svg\" viewBox=\"0 0 256 512\"><path d=\"M118.6 105.4l128 127.1C252.9 239.6 256 247.8 256 255.1s-3.125 16.38-9.375 22.63l-128 127.1c-9.156 9.156-22.91 11.9-34.88 6.943S64 396.9 64 383.1V128c0-12.94 7.781-24.62 19.75-29.58S109.5 96.23 118.6 105.4z\"><\/path><\/svg><\/span><span class=\"uagb-icon-list__label\">1 Soporte 24\/7<\/span><\/div>\n\n\n\n<div class=\"wp-block-uagb-icon-list-child uagb-block-7d1f73aa\"><span class=\"uagb-icon-list__source-wrap\"><svg xmlns=\"https:\/\/www.w3.org\/2000\/svg\" viewBox=\"0 0 256 512\"><path d=\"M118.6 105.4l128 127.1C252.9 239.6 256 247.8 256 255.1s-3.125 16.38-9.375 22.63l-128 127.1c-9.156 9.156-22.91 11.9-34.88 6.943S64 396.9 64 383.1V128c0-12.94 7.781-24.62 19.75-29.58S109.5 96.23 118.6 105.4z\"><\/path><\/svg><\/span><span class=\"uagb-icon-list__label\">2 Asesor\u00eda personalizada<\/span><\/div>\n\n\n\n<div class=\"wp-block-uagb-icon-list-child uagb-block-f7651f7b\"><span class=\"uagb-icon-list__source-wrap\"><svg xmlns=\"https:\/\/www.w3.org\/2000\/svg\" viewBox=\"0 0 256 512\"><path d=\"M118.6 105.4l128 127.1C252.9 239.6 256 247.8 256 255.1s-3.125 16.38-9.375 22.63l-128 127.1c-9.156 9.156-22.91 11.9-34.88 6.943S64 396.9 64 383.1V128c0-12.94 7.781-24.62 19.75-29.58S109.5 96.23 118.6 105.4z\"><\/path><\/svg><\/span><span class=\"uagb-icon-list__label\">3 Mejora continua<\/span><\/div>\n<\/div><\/div>\n<\/div>\n\n\n\n<div class=\"wp-block-uagb-container uagb-block-fd4eb18b\">\n<div class=\"wp-block-uagb-image alignleft uagb-block-a9c5d409 wp-block-uagb-image--layout-default wp-block-uagb-image--effect-static wp-block-uagb-image--align-left\"><figure class=\"wp-block-uagb-image__figure\"><img decoding=\"async\" srcset=\"https:\/\/conectaexpress.com.mx\/wp-content\/uploads\/2024\/08\/pexels-photo-4481258.jpeg ,https:\/\/conectaexpress.com.mx\/wp-content\/uploads\/2024\/08\/pexels-photo-4481258.jpeg 780w, https:\/\/conectaexpress.com.mx\/wp-content\/uploads\/2024\/08\/pexels-photo-4481258.jpeg 360w\" sizes=\"auto, (max-width: 480px) 150px\" src=\"https:\/\/conectaexpress.com.mx\/wp-content\/uploads\/2024\/08\/pexels-photo-4481258.jpeg\" alt=\"\" class=\"uag-image-1251\" width=\"360\" height=\"350\" title=\"\" loading=\"lazy\" role=\"img\"\/><\/figure><\/div>\n<\/div>\n<\/div><\/div>\n\n\n\n<div class=\"wp-block-uagb-container uagb-block-b58ce995 alignfull uagb-is-root-container\"><div class=\"uagb-container-inner-blocks-wrap\">\n<div class=\"wp-block-uagb-container uagb-block-4853c35e\">\n<div class=\"wp-block-uagb-advanced-heading uagb-block-d00de326\"><div class=\"uagb-heading-text\">04.<\/div><\/div>\n\n\n\n<div class=\"wp-block-uagb-advanced-heading uagb-block-8c2b6389\"><h2 class=\"uagb-heading-text\">Env\u00edos Seguros<\/h2><\/div>\n<\/div>\n\n\n\n<div class=\"wp-block-uagb-container uagb-block-a4cea4e4\">\n<div class=\"wp-block-uagb-advanced-heading uagb-block-50aec271\"><p class=\"uagb-desc-text\">La seguridad de tus env\u00edos es nuestra prioridad. Nos aseguramos de que tus productos lleguen en perfectas condiciones, utilizando las mejores pr\u00e1cticas y tecnolog\u00eda para garantizar la integridad de cada paquete.<\/p><\/div>\n\n\n\n<div class=\"wp-block-uagb-icon-list uagb-block-b39c7ae2\"><div class=\"uagb-icon-list__wrap\">\n<div class=\"wp-block-uagb-icon-list-child uagb-block-466f1082\"><span class=\"uagb-icon-list__source-wrap\"><svg xmlns=\"https:\/\/www.w3.org\/2000\/svg\" viewBox=\"0 0 256 512\"><path d=\"M118.6 105.4l128 127.1C252.9 239.6 256 247.8 256 255.1s-3.125 16.38-9.375 22.63l-128 127.1c-9.156 9.156-22.91 11.9-34.88 6.943S64 396.9 64 383.1V128c0-12.94 7.781-24.62 19.75-29.58S109.5 96.23 118.6 105.4z\"><\/path><\/svg><\/span><span class=\"uagb-icon-list__label\">1 Empaque especializado<\/span><\/div>\n\n\n\n<div class=\"wp-block-uagb-icon-list-child uagb-block-b337dc38\"><span class=\"uagb-icon-list__source-wrap\"><svg xmlns=\"https:\/\/www.w3.org\/2000\/svg\" viewBox=\"0 0 256 512\"><path d=\"M118.6 105.4l128 127.1C252.9 239.6 256 247.8 256 255.1s-3.125 16.38-9.375 22.63l-128 127.1c-9.156 9.156-22.91 11.9-34.88 6.943S64 396.9 64 383.1V128c0-12.94 7.781-24.62 19.75-29.58S109.5 96.23 118.6 105.4z\"><\/path><\/svg><\/span><span class=\"uagb-icon-list__label\">2 Control de calidad<\/span><\/div>\n\n\n\n<div class=\"wp-block-uagb-icon-list-child uagb-block-12ececd8\"><span class=\"uagb-icon-list__source-wrap\"><svg xmlns=\"https:\/\/www.w3.org\/2000\/svg\" viewBox=\"0 0 256 512\"><path d=\"M118.6 105.4l128 127.1C252.9 239.6 256 247.8 256 255.1s-3.125 16.38-9.375 22.63l-128 127.1c-9.156 9.156-22.91 11.9-34.88 6.943S64 396.9 64 383.1V128c0-12.94 7.781-24.62 19.75-29.58S109.5 96.23 118.6 105.4z\"><\/path><\/svg><\/span><span class=\"uagb-icon-list__label\">3 Seguro de env\u00edos<\/span><\/div>\n<\/div><\/div>\n<\/div>\n\n\n\n<div class=\"wp-block-uagb-container uagb-block-1693df27\">\n<div class=\"wp-block-uagb-image alignleft uagb-block-b986cf24 wp-block-uagb-image--layout-default wp-block-uagb-image--effect-static wp-block-uagb-image--align-left\"><figure class=\"wp-block-uagb-image__figure\"><img decoding=\"async\" srcset=\"https:\/\/conectaexpress.com.mx\/wp-content\/uploads\/2024\/08\/pexels-photo-4481327.jpeg ,https:\/\/conectaexpress.com.mx\/wp-content\/uploads\/2024\/08\/pexels-photo-4481327.jpeg 780w, https:\/\/conectaexpress.com.mx\/wp-content\/uploads\/2024\/08\/pexels-photo-4481327.jpeg 360w\" sizes=\"auto, (max-width: 480px) 150px\" src=\"https:\/\/conectaexpress.com.mx\/wp-content\/uploads\/2024\/08\/pexels-photo-4481327.jpeg\" alt=\"\" class=\"uag-image-1252\" width=\"360\" height=\"350\" title=\"\" loading=\"lazy\" role=\"img\"\/><\/figure><\/div>\n<\/div>\n<\/div><\/div>\n\n\n\n<div class=\"wp-block-uagb-container uagb-block-9caa1a47 alignfull uagb-is-root-container\"><div class=\"uagb-container-inner-blocks-wrap\">\n<div class=\"wp-block-uagb-advanced-heading uagb-block-1ed0e64e\"><div class=\"uagb-heading-text\">\u00a1\u00danete a nosotros ahora!<\/div><\/div>\n\n\n\n<div class=\"wp-block-uagb-advanced-heading uagb-block-3a57683f\"><h2 class=\"uagb-heading-text\">Contacta a Conecta Express para una distribuci\u00f3n efectiva<\/h2><\/div>\n\n\n\n<div class=\"wp-block-uagb-buttons uagb-buttons__outer-wrap uagb-btn__default-btn uagb-btn-tablet__default-btn uagb-btn-mobile__default-btn uagb-block-9979be0d\"><div class=\"uagb-buttons__wrap uagb-buttons-layout-wrap \">\n<div class=\"wp-block-uagb-buttons-child uagb-buttons__outer-wrap uagb-block-84fd34e5 wp-block-button\"><div class=\"uagb-button__wrapper\"><a class=\"uagb-buttons-repeater wp-block-button__link\" aria-label=\"\" href=\"\/contact\/\" rel=\"follow noopener\" target=\"_self\" role=\"button\"><div class=\"uagb-button__link\">Cont\u00e1ctanos<\/div><\/a><\/div><\/div>\n<\/div><\/div>\n\n\n\n<div class=\"wp-block-uagb-advanced-heading uagb-block-838a0a13\"><div class=\"uagb-separator\"><\/div><h3 class=\"uagb-heading-text\">Consulta gratuita? 3317172691<\/h3><\/div>\n\n\n\n<p><\/p>\n<\/div><\/div>\n","protected":false},"excerpt":{"rendered":"<p>Nuestros Servicios 01. Entregas R\u00e1pidas Conecta Express ofrece entregas r\u00e1pidas y eficientes en todo Jalisco. Nuestro equipo experimentado garantiza la puntualidad y seguridad en cada env\u00edo, brindando soluciones log\u00edsticas a medida para nuestros clientes. 02. Log\u00edstica Personalizada Nuestra especialidad radica en ofrecer soluciones log\u00edsticas personalizadas para satisfacer las necesidades \u00fanicas de cada cliente. Desde el [&hellip;]<\/p>\n","protected":false},"author":1,"featured_media":0,"parent":0,"menu_order":0,"comment_status":"closed","ping_status":"closed","template":"","meta":{"_uag_custom_page_level_css":"","site-sidebar-layout":"no-sidebar","site-content-layout":"plain-container","ast-site-content-layout":"full-width-container","site-content-style":"unboxed","site-sidebar-style":"unboxed","ast-global-header-display":"","ast-banner-title-visibility":"","ast-main-header-display":"","ast-hfb-above-header-display":"","ast-hfb-below-header-display":"","ast-hfb-mobile-header-display":"","site-post-title":"disabled","ast-breadcrumbs-content":"","ast-featured-img":"","footer-sml-layout":"","ast-disable-related-posts":"","theme-transparent-header-meta":"","adv-header-id-meta":"","stick-header-meta":"","header-above-stick-meta":"","header-main-stick-meta":"","header-below-stick-meta":"","astra-migrate-meta-layouts":"set","ast-page-background-enabled":"default","ast-page-background-meta":{"desktop":{"background-color":"var(--ast-global-color-4)","background-image":"","background-repeat":"repeat","background-position":"center center","background-size":"auto","background-attachment":"scroll","background-type":"","background-media":"","overlay-type":"","overlay-color":"","overlay-opacity":"","overlay-gradient":""},"tablet":{"background-color":"","background-image":"","background-repeat":"repeat","background-position":"center center","background-size":"auto","background-attachment":"scroll","background-type":"","background-media":"","overlay-type":"","overlay-color":"","overlay-opacity":"","overlay-gradient":""},"mobile":{"background-color":"","background-image":"","background-repeat":"repeat","background-position":"center center","background-size":"auto","background-attachment":"scroll","background-type":"","background-media":"","overlay-type":"","overlay-color":"","overlay-opacity":"","overlay-gradient":""}},"ast-content-background-meta":{"desktop":{"background-color":"var(--ast-global-color-5)","background-image":"","background-repeat":"repeat","background-position":"center center","background-size":"auto","background-attachment":"scroll","background-type":"","background-media":"","overlay-type":"","overlay-color":"","overlay-opacity":"","overlay-gradient":""},"tablet":{"background-color":"var(--ast-global-color-5)","background-image":"","background-repeat":"repeat","background-position":"center center","background-size":"auto","background-attachment":"scroll","background-type":"","background-media":"","overlay-type":"","overlay-color":"","overlay-opacity":"","overlay-gradient":""},"mobile":{"background-color":"var(--ast-global-color-5)","background-image":"","background-repeat":"repeat","background-position":"center center","background-size":"auto","background-attachment":"scroll","background-type":"","background-media":"","overlay-type":"","overlay-color":"","overlay-opacity":"","overlay-gradient":""}},"footnotes":""},"class_list":["post-1402","page","type-page","status-publish","hentry"],"uagb_featured_image_src":{"full":false,"thumbnail":false,"medium":false,"medium_large":false,"large":false,"1536x1536":false,"2048x2048":false,"woocommerce_thumbnail":false,"woocommerce_single":false,"woocommerce_gallery_thumbnail":false},"uagb_author_info":{"display_name":"lethernandez117","author_link":"https:\/\/conectaexpress.com.mx\/?author=1"},"uagb_comment_info":0,"uagb_excerpt":"Nuestros Servicios 01. Entregas R\u00e1pidas Conecta Express ofrece entregas r\u00e1pidas y eficientes en todo Jalisco. Nuestro equipo experimentado garantiza la puntualidad y seguridad en cada env\u00edo, brindando soluciones log\u00edsticas a medida para nuestros clientes. 02. Log\u00edstica Personalizada Nuestra especialidad radica en ofrecer soluciones log\u00edsticas personalizadas para satisfacer las necesidades \u00fanicas de cada cliente. Desde el&hellip;","_links":{"self":[{"href":"https:\/\/conectaexpress.com.mx\/index.php?rest_route=\/wp\/v2\/pages\/1402","targetHints":{"allow":["GET"]}}],"collection":[{"href":"https:\/\/conectaexpress.com.mx\/index.php?rest_route=\/wp\/v2\/pages"}],"about":[{"href":"https:\/\/conectaexpress.com.mx\/index.php?rest_route=\/wp\/v2\/types\/page"}],"author":[{"embeddable":true,"href":"https:\/\/conectaexpress.com.mx\/index.php?rest_route=\/wp\/v2\/users\/1"}],"replies":[{"embeddable":true,"href":"https:\/\/conectaexpress.com.mx\/index.php?rest_route=%2Fwp%2Fv2%2Fcomments&post=1402"}],"version-history":[{"count":4,"href":"https:\/\/conectaexpress.com.mx\/index.php?rest_route=\/wp\/v2\/pages\/1402\/revisions"}],"predecessor-version":[{"id":1497,"href":"https:\/\/conectaexpress.com.mx\/index.php?rest_route=\/wp\/v2\/pages\/1402\/revisions\/1497"}],"wp:attachment":[{"href":"https:\/\/conectaexpress.com.mx\/index.php?rest_route=%2Fwp%2Fv2%2Fmedia&parent=1402"}],"curies":[{"name":"wp","href":"https:\/\/api.w.org\/{rel}","templated":true}]}}